{"id":4644,"date":"2023-02-25T15:00:46","date_gmt":"2023-02-25T13:00:46","guid":{"rendered":"https:\/\/dev.luxgreece.gr\/?page_id=4644"},"modified":"2026-01-20T10:46:55","modified_gmt":"2026-01-20T10:46:55","slug":"contact","status":"publish","type":"page","link":"https:\/\/greecevillasbook.gr\/ro\/contact\/","title":{"rendered":"Contact"},"content":{"rendered":"<p>Europe Voyage SRL<\/p>\n\n\n\n<p>IDNR 1023600045524<\/p>\n\n\n\n<p>MD2068, Chi\u0219in\u0103u, str. M. Costin 25, din 113<\/p>\n\n\n\n<p>BC Moldindconbank SA, MOLDMD2X<\/p>\n\n\n\n<p>IBAN MD62ML022510000000000173<\/p>\n\n\n\n<div style=\"height:15px\" aria-hidden=\"true\" class=\"wp-block-spacer\"><\/div>\n\n\n\n<p>Folose\u0219te informa\u021biile de mai jos pentru a ne contacta.<\/p>\n\n\n\n<p>Ne pute\u021bi contacta \u00een limba rus\u0103 sau rom\u00e2n\u0103.<\/p>\n\n\n\n<p>Mobil:<br><a href=\"tel:37378005006\" data-type=\"tel\" data-id=\"tel:37378005006\">+37378005006<\/a><br><a href=\"tel:37361032502\" data-type=\"tel\" data-id=\"tel:37361032502\">+37361032502<\/a><br>(WhatsApp Viber Telegram)<\/p>\n\n\n\n<p>E-mail:<br><a href=\"mailto:europevoyage.md@gmail.com\" target=\"_blank\" rel=\"noreferrer noopener\">europevoyage.md@gmail.com<\/a><\/p>\n\n\n\n<p><a href=\"mailto:greecevillasbooking@gmail.com\">greecevillasbooking@gmail.com<\/a><br><\/p>\n\n\n\n<p><\/p>","protected":false},"excerpt":{"rendered":"Europe Voyage SRL IDNO 1023600045524 MD2068, Chi\u0219in\u0103u, str. M. Costin 25, din 113 BC Moldindconbank SA, MOLDMD2X IBAN MD62ML022510000000000173 Folosi\u021bi informa\u021biile de mai jos pentru a ne contacta. Ne pute\u021bi contacta \u00een limba rus\u0103 sau rom\u00e2n\u0103. Mobil:+37378005006+37361032502 (WhatsApp Viber Telegram) Email: europevoyage.md@gmail.com greecevillasbooking@gmail.com","protected":false},"author":1,"featured_media":0,"parent":0,"menu_order":0,"comment_status":"closed","ping_status":"closed","template":"","meta":{"_acf_changed":false,"inline_featured_image":false,"footnotes":""},"class_list":["post-4644","page","type-page","status-publish","hentry"],"acf":[],"_links":{"self":[{"href":"https:\/\/greecevillasbook.gr\/ro\/wp-json\/wp\/v2\/pages\/4644","targetHints":{"allow":["GET"]}}],"collection":[{"href":"https:\/\/greecevillasbook.gr\/ro\/wp-json\/wp\/v2\/pages"}],"about":[{"href":"https:\/\/greecevillasbook.gr\/ro\/wp-json\/wp\/v2\/types\/page"}],"author":[{"embeddable":true,"href":"https:\/\/greecevillasbook.gr\/ro\/wp-json\/wp\/v2\/users\/1"}],"replies":[{"embeddable":true,"href":"https:\/\/greecevillasbook.gr\/ro\/wp-json\/wp\/v2\/comments?post=4644"}],"version-history":[{"count":3,"href":"https:\/\/greecevillasbook.gr\/ro\/wp-json\/wp\/v2\/pages\/4644\/revisions"}],"predecessor-version":[{"id":20274,"href":"https:\/\/greecevillasbook.gr\/ro\/wp-json\/wp\/v2\/pages\/4644\/revisions\/20274"}],"wp:attachment":[{"href":"https:\/\/greecevillasbook.gr\/ro\/wp-json\/wp\/v2\/media?parent=4644"}],"curies":[{"name":"wp","href":"https:\/\/api.w.org\/{rel}","templated":true}]}}